{"id":2670,"date":"2020-06-04T08:44:46","date_gmt":"2020-06-04T08:44:46","guid":{"rendered":"http:\/\/plospan.com\/handig\/contact\/"},"modified":"2020-10-06T13:35:09","modified_gmt":"2020-10-06T11:35:09","slug":"contact","status":"publish","type":"page","link":"https:\/\/plospan.com\/fr\/extra\/contact\/","title":{"rendered":"Contact"},"content":{"rendered":"<h3><span data-sheets-value=\"{&quot;1&quot;:2,&quot;2&quot;:&quot;ACCESSIBILIT\u00c9&quot;}\" data-sheets-userformat=\"{&quot;2&quot;:22915,&quot;3&quot;:{&quot;1&quot;:1},&quot;4&quot;:{&quot;1&quot;:2,&quot;2&quot;:6670335},&quot;10&quot;:0,&quot;11&quot;:4,&quot;14&quot;:{&quot;1&quot;:2,&quot;2&quot;:0},&quot;15&quot;:&quot;\\&quot;Helvetica Neue\\&quot;&quot;,&quot;17&quot;:1}\">Accessibilit\u00e9<\/span><\/h3>\n<p><span>Plospan est situ\u00e9e dans la Betuwe, qui rel\u00e8ve de la province de Gelderland. (Gueldre). Le village de Waardenburg est situ\u00e9 au centre des Pays-Bas. Plospan est situ\u00e9e \u00e0 proximit\u00e9 de l&rsquo;autoroute A2 avec acc\u00e8s rapide \u00e0 l&rsquo;autoroute A15 adjacente. <\/span><\/p>\n","protected":false},"excerpt":{"rendered":"<p>Accessibilit\u00e9 Plospan est situ\u00e9e dans la Betuwe, qui rel\u00e8ve de la province de Gelderland. (Gueldre). Le village de Waardenburg est situ\u00e9 au centre des Pays-Bas. Plospan est situ\u00e9e \u00e0 proximit\u00e9 de l&rsquo;autoroute A2 avec acc\u00e8s rapide \u00e0 l&rsquo;autoroute A15 adjacente.<\/p>\n","protected":false},"author":5,"featured_media":783,"parent":2660,"menu_order":0,"comment_status":"closed","ping_status":"closed","template":"templates\/template-bereikbaarheid.php","meta":{"_acf_changed":false,"footnotes":""},"class_list":["post-2670","page","type-page","status-publish","has-post-thumbnail","hentry"],"acf":[],"yoast_head":"<!-- This site is optimized with the Yoast SEO plugin v27.4 - https:\/\/yoast.com\/product\/yoast-seo-wordpress\/ -->\n<title>Contact - plospan<\/title>\n<meta name=\"robots\" content=\"index, follow, max-snippet:-1, max-image-preview:large, max-video-preview:-1\" \/>\n<link rel=\"canonical\" href=\"https:\/\/plospan.com\/fr\/extra\/contact\/\" \/>\n<meta property=\"og:locale\" content=\"fr_FR\" \/>\n<meta property=\"og:type\" content=\"article\" \/>\n<meta property=\"og:title\" content=\"Contact - plospan\" \/>\n<meta property=\"og:description\" content=\"Accessibilit\u00e9 Plospan est situ\u00e9e dans la Betuwe, qui rel\u00e8ve de la province de Gelderland. (Gueldre). Le village de Waardenburg est situ\u00e9 au centre des Pays-Bas. Plospan est situ\u00e9e \u00e0 proximit\u00e9 de l&rsquo;autoroute A2 avec acc\u00e8s rapide \u00e0 l&rsquo;autoroute A15 adjacente.\" \/>\n<meta property=\"og:url\" content=\"https:\/\/plospan.com\/fr\/extra\/contact\/\" \/>\n<meta property=\"og:site_name\" content=\"plospan\" \/>\n<meta property=\"article:modified_time\" content=\"2020-10-06T11:35:09+00:00\" \/>\n<meta property=\"og:image\" content=\"https:\/\/plospan.com\/wp-content\/uploads\/2020\/06\/bereikbaarheid-banner@2x.jpg\" \/>\n\t<meta property=\"og:image:width\" content=\"1376\" \/>\n\t<meta property=\"og:image:height\" content=\"453\" \/>\n\t<meta property=\"og:image:type\" content=\"image\/jpeg\" \/>\n<meta name=\"twitter:card\" content=\"summary_large_image\" \/>\n<script type=\"application\/ld+json\" class=\"yoast-schema-graph\">{\"@context\":\"https:\\\/\\\/schema.org\",\"@graph\":[{\"@type\":\"WebPage\",\"@id\":\"https:\\\/\\\/plospan.com\\\/fr\\\/extra\\\/contact\\\/\",\"url\":\"https:\\\/\\\/plospan.com\\\/fr\\\/extra\\\/contact\\\/\",\"name\":\"Contact - plospan\",\"isPartOf\":{\"@id\":\"https:\\\/\\\/plospan.com\\\/nl\\\/#website\"},\"primaryImageOfPage\":{\"@id\":\"https:\\\/\\\/plospan.com\\\/fr\\\/extra\\\/contact\\\/#primaryimage\"},\"image\":{\"@id\":\"https:\\\/\\\/plospan.com\\\/fr\\\/extra\\\/contact\\\/#primaryimage\"},\"thumbnailUrl\":\"https:\\\/\\\/plospan.com\\\/wp-content\\\/uploads\\\/2020\\\/06\\\/bereikbaarheid-banner@2x.jpg\",\"datePublished\":\"2020-06-04T08:44:46+00:00\",\"dateModified\":\"2020-10-06T11:35:09+00:00\",\"breadcrumb\":{\"@id\":\"https:\\\/\\\/plospan.com\\\/fr\\\/extra\\\/contact\\\/#breadcrumb\"},\"inLanguage\":\"fr-FR\",\"potentialAction\":[{\"@type\":\"ReadAction\",\"target\":[\"https:\\\/\\\/plospan.com\\\/fr\\\/extra\\\/contact\\\/\"]}]},{\"@type\":\"ImageObject\",\"inLanguage\":\"fr-FR\",\"@id\":\"https:\\\/\\\/plospan.com\\\/fr\\\/extra\\\/contact\\\/#primaryimage\",\"url\":\"https:\\\/\\\/plospan.com\\\/wp-content\\\/uploads\\\/2020\\\/06\\\/bereikbaarheid-banner@2x.jpg\",\"contentUrl\":\"https:\\\/\\\/plospan.com\\\/wp-content\\\/uploads\\\/2020\\\/06\\\/bereikbaarheid-banner@2x.jpg\",\"width\":1376,\"height\":453},{\"@type\":\"BreadcrumbList\",\"@id\":\"https:\\\/\\\/plospan.com\\\/fr\\\/extra\\\/contact\\\/#breadcrumb\",\"itemListElement\":[{\"@type\":\"ListItem\",\"position\":1,\"name\":\"Home\",\"item\":\"http:\\\/\\\/plospan.com\\\/fr\\\/\"},{\"@type\":\"ListItem\",\"position\":2,\"name\":\"Extra\",\"item\":\"https:\\\/\\\/plospan.com\\\/fr\\\/extra\\\/\"},{\"@type\":\"ListItem\",\"position\":3,\"name\":\"Contact\"}]},{\"@type\":\"WebSite\",\"@id\":\"https:\\\/\\\/plospan.com\\\/nl\\\/#website\",\"url\":\"https:\\\/\\\/plospan.com\\\/nl\\\/\",\"name\":\"Plospan\",\"description\":\"where comfort starts\",\"potentialAction\":[{\"@type\":\"SearchAction\",\"target\":{\"@type\":\"EntryPoint\",\"urlTemplate\":\"https:\\\/\\\/plospan.com\\\/nl\\\/?s={search_term_string}\"},\"query-input\":{\"@type\":\"PropertyValueSpecification\",\"valueRequired\":true,\"valueName\":\"search_term_string\"}}],\"inLanguage\":\"fr-FR\"}]}<\/script>\n<!-- \/ Yoast SEO plugin. -->","yoast_head_json":{"title":"Contact - plospan","robots":{"index":"index","follow":"follow","max-snippet":"max-snippet:-1","max-image-preview":"max-image-preview:large","max-video-preview":"max-video-preview:-1"},"canonical":"https:\/\/plospan.com\/fr\/extra\/contact\/","og_locale":"fr_FR","og_type":"article","og_title":"Contact - plospan","og_description":"Accessibilit\u00e9 Plospan est situ\u00e9e dans la Betuwe, qui rel\u00e8ve de la province de Gelderland. (Gueldre). Le village de Waardenburg est situ\u00e9 au centre des Pays-Bas. Plospan est situ\u00e9e \u00e0 proximit\u00e9 de l&rsquo;autoroute A2 avec acc\u00e8s rapide \u00e0 l&rsquo;autoroute A15 adjacente.","og_url":"https:\/\/plospan.com\/fr\/extra\/contact\/","og_site_name":"plospan","article_modified_time":"2020-10-06T11:35:09+00:00","og_image":[{"width":1376,"height":453,"url":"https:\/\/plospan.com\/wp-content\/uploads\/2020\/06\/bereikbaarheid-banner@2x.jpg","type":"image\/jpeg"}],"twitter_card":"summary_large_image","schema":{"@context":"https:\/\/schema.org","@graph":[{"@type":"WebPage","@id":"https:\/\/plospan.com\/fr\/extra\/contact\/","url":"https:\/\/plospan.com\/fr\/extra\/contact\/","name":"Contact - plospan","isPartOf":{"@id":"https:\/\/plospan.com\/nl\/#website"},"primaryImageOfPage":{"@id":"https:\/\/plospan.com\/fr\/extra\/contact\/#primaryimage"},"image":{"@id":"https:\/\/plospan.com\/fr\/extra\/contact\/#primaryimage"},"thumbnailUrl":"https:\/\/plospan.com\/wp-content\/uploads\/2020\/06\/bereikbaarheid-banner@2x.jpg","datePublished":"2020-06-04T08:44:46+00:00","dateModified":"2020-10-06T11:35:09+00:00","breadcrumb":{"@id":"https:\/\/plospan.com\/fr\/extra\/contact\/#breadcrumb"},"inLanguage":"fr-FR","potentialAction":[{"@type":"ReadAction","target":["https:\/\/plospan.com\/fr\/extra\/contact\/"]}]},{"@type":"ImageObject","inLanguage":"fr-FR","@id":"https:\/\/plospan.com\/fr\/extra\/contact\/#primaryimage","url":"https:\/\/plospan.com\/wp-content\/uploads\/2020\/06\/bereikbaarheid-banner@2x.jpg","contentUrl":"https:\/\/plospan.com\/wp-content\/uploads\/2020\/06\/bereikbaarheid-banner@2x.jpg","width":1376,"height":453},{"@type":"BreadcrumbList","@id":"https:\/\/plospan.com\/fr\/extra\/contact\/#breadcrumb","itemListElement":[{"@type":"ListItem","position":1,"name":"Home","item":"http:\/\/plospan.com\/fr\/"},{"@type":"ListItem","position":2,"name":"Extra","item":"https:\/\/plospan.com\/fr\/extra\/"},{"@type":"ListItem","position":3,"name":"Contact"}]},{"@type":"WebSite","@id":"https:\/\/plospan.com\/nl\/#website","url":"https:\/\/plospan.com\/nl\/","name":"Plospan","description":"where comfort starts","potentialAction":[{"@type":"SearchAction","target":{"@type":"EntryPoint","urlTemplate":"https:\/\/plospan.com\/nl\/?s={search_term_string}"},"query-input":{"@type":"PropertyValueSpecification","valueRequired":true,"valueName":"search_term_string"}}],"inLanguage":"fr-FR"}]}},"_links":{"self":[{"href":"https:\/\/plospan.com\/fr\/wp-json\/wp\/v2\/pages\/2670","targetHints":{"allow":["GET"]}}],"collection":[{"href":"https:\/\/plospan.com\/fr\/wp-json\/wp\/v2\/pages"}],"about":[{"href":"https:\/\/plospan.com\/fr\/wp-json\/wp\/v2\/types\/page"}],"author":[{"embeddable":true,"href":"https:\/\/plospan.com\/fr\/wp-json\/wp\/v2\/users\/5"}],"replies":[{"embeddable":true,"href":"https:\/\/plospan.com\/fr\/wp-json\/wp\/v2\/comments?post=2670"}],"version-history":[{"count":4,"href":"https:\/\/plospan.com\/fr\/wp-json\/wp\/v2\/pages\/2670\/revisions"}],"predecessor-version":[{"id":3394,"href":"https:\/\/plospan.com\/fr\/wp-json\/wp\/v2\/pages\/2670\/revisions\/3394"}],"up":[{"embeddable":true,"href":"https:\/\/plospan.com\/fr\/wp-json\/wp\/v2\/pages\/2660"}],"wp:featuredmedia":[{"embeddable":true,"href":"https:\/\/plospan.com\/fr\/wp-json\/wp\/v2\/media\/783"}],"wp:attachment":[{"href":"https:\/\/plospan.com\/fr\/wp-json\/wp\/v2\/media?parent=2670"}],"curies":[{"name":"wp","href":"https:\/\/api.w.org\/{rel}","templated":true}]}}