{"id":1786,"date":"2020-05-21T09:53:20","date_gmt":"2020-05-21T07:53:20","guid":{"rendered":"http:\/\/plospan.com\/home\/"},"modified":"2020-10-22T10:29:25","modified_gmt":"2020-10-22T08:29:25","slug":"accueil","status":"publish","type":"page","link":"https:\/\/plospan.com\/fr\/","title":{"rendered":"Accueil"},"content":{"rendered":"<p><span data-sheets-value=\"{&quot;1&quot;:2,&quot;2&quot;:&quot;Plospan est sp\u00e9cialis\u00e9e \u00e0 la fois dans la transformation de la fibre\/sciure de bois en liti\u00e8res confortables et de qualit\u00e9 sup\u00e9rieure destin\u00e9es \u00e0 l\u2019h\u00e9bergement des animaux et dans la production de palettes de bois Bio-Energy employ\u00e9es pour le chauffage de locaux et la production d\u2019\u00e9nergie. Ce qui est g\u00e9n\u00e9ralement consid\u00e9r\u00e9 comme un r\u00e9sidu est pr\u00e9cis\u00e9ment pour Plospan la mati\u00e8re premi\u00e8re d'un 'nouveau' produit de qualit\u00e9 sup\u00e9rieure. - Faites d\u00e9filer vers le bas&quot;}\" data-sheets-userformat=\"{&quot;2&quot;:4483,&quot;3&quot;:{&quot;1&quot;:1},&quot;4&quot;:{&quot;1&quot;:2,&quot;2&quot;:6670335},&quot;10&quot;:0,&quot;11&quot;:4,&quot;15&quot;:&quot;\\&quot;Helvetica Neue\\&quot;&quot;}\">Plospan est sp\u00e9cialis\u00e9e \u00e0 la fois dans la transformation de la fibre\/sciure de bois en liti\u00e8res confortables et de qualit\u00e9 sup\u00e9rieure destin\u00e9es \u00e0 l\u2019h\u00e9bergement des animaux et dans la production de palettes de bois Bio-energy employ\u00e9es pour le chauffage de locaux et la production d\u2019\u00e9nergie. Ce qui est g\u00e9n\u00e9ralement consid\u00e9r\u00e9 comme un r\u00e9sidu est pr\u00e9cis\u00e9ment pour Plospan la mati\u00e8re premi\u00e8re d&rsquo;un &lsquo;nouveau&rsquo; produit de qualit\u00e9 sup\u00e9rieure.\u00a0<\/span><\/p>\n","protected":false},"excerpt":{"rendered":"<p>Plospan est sp\u00e9cialis\u00e9e \u00e0 la fois dans la transformation de la fibre\/sciure de bois en liti\u00e8res confortables et de qualit\u00e9 sup\u00e9rieure destin\u00e9es \u00e0 l\u2019h\u00e9bergement des animaux et dans la production de palettes de bois Bio-energy employ\u00e9es pour le chauffage de locaux et la production d\u2019\u00e9nergie. Ce qui est g\u00e9n\u00e9ralement consid\u00e9r\u00e9 comme un r\u00e9sidu est pr\u00e9cis\u00e9ment &hellip; <\/p>\n<p class=\"link-more\"><a href=\"https:\/\/plospan.com\/fr\/\" class=\"more-link\">Continue reading<span class=\"screen-reader-text\"> \u00ab\u00a0Accueil\u00a0\u00bb<\/span><\/a><\/p>\n","protected":false},"author":5,"featured_media":1787,"parent":0,"menu_order":0,"comment_status":"closed","ping_status":"closed","template":"","meta":{"_acf_changed":false,"footnotes":""},"class_list":["post-1786","page","type-page","status-publish","has-post-thumbnail","hentry"],"acf":[],"yoast_head":"<!-- This site is optimized with the Yoast SEO plugin v27.4 - https:\/\/yoast.com\/product\/yoast-seo-wordpress\/ -->\n<title>Accueil - plospan<\/title>\n<meta name=\"robots\" content=\"index, follow, max-snippet:-1, max-image-preview:large, max-video-preview:-1\" \/>\n<link rel=\"canonical\" href=\"http:\/\/plospan.com\/fr\/\" \/>\n<meta property=\"og:locale\" content=\"fr_FR\" \/>\n<meta property=\"og:type\" content=\"article\" \/>\n<meta property=\"og:title\" content=\"Accueil - plospan\" \/>\n<meta property=\"og:description\" content=\"Plospan est sp\u00e9cialis\u00e9e \u00e0 la fois dans la transformation de la fibre\/sciure de bois en liti\u00e8res confortables et de qualit\u00e9 sup\u00e9rieure destin\u00e9es \u00e0 l\u2019h\u00e9bergement des animaux et dans la production de palettes de bois Bio-energy employ\u00e9es pour le chauffage de locaux et la production d\u2019\u00e9nergie. Ce qui est g\u00e9n\u00e9ralement consid\u00e9r\u00e9 comme un r\u00e9sidu est pr\u00e9cis\u00e9ment &hellip; Continue reading &quot;Accueil&quot;\" \/>\n<meta property=\"og:url\" content=\"http:\/\/plospan.com\/fr\/\" \/>\n<meta property=\"og:site_name\" content=\"plospan\" \/>\n<meta property=\"article:modified_time\" content=\"2020-10-22T08:29:25+00:00\" \/>\n<meta property=\"og:image\" content=\"http:\/\/plospan.com\/wp-content\/uploads\/2020\/06\/home_banner@2x-scaled.jpg\" \/>\n\t<meta property=\"og:image:width\" content=\"2560\" \/>\n\t<meta property=\"og:image:height\" content=\"1706\" \/>\n\t<meta property=\"og:image:type\" content=\"image\/jpeg\" \/>\n<meta name=\"twitter:card\" content=\"summary_large_image\" \/>\n<script type=\"application\/ld+json\" class=\"yoast-schema-graph\">{\"@context\":\"https:\\\/\\\/schema.org\",\"@graph\":[{\"@type\":\"WebPage\",\"@id\":\"http:\\\/\\\/plospan.com\\\/fr\\\/\",\"url\":\"http:\\\/\\\/plospan.com\\\/fr\\\/\",\"name\":\"Accueil - plospan\",\"isPartOf\":{\"@id\":\"https:\\\/\\\/plospan.com\\\/nl\\\/#website\"},\"primaryImageOfPage\":{\"@id\":\"http:\\\/\\\/plospan.com\\\/fr\\\/#primaryimage\"},\"image\":{\"@id\":\"http:\\\/\\\/plospan.com\\\/fr\\\/#primaryimage\"},\"thumbnailUrl\":\"https:\\\/\\\/plospan.com\\\/wp-content\\\/uploads\\\/2020\\\/06\\\/home_banner@2x-scaled.jpg\",\"datePublished\":\"2020-05-21T07:53:20+00:00\",\"dateModified\":\"2020-10-22T08:29:25+00:00\",\"breadcrumb\":{\"@id\":\"http:\\\/\\\/plospan.com\\\/fr\\\/#breadcrumb\"},\"inLanguage\":\"fr-FR\",\"potentialAction\":[{\"@type\":\"ReadAction\",\"target\":[\"http:\\\/\\\/plospan.com\\\/fr\\\/\"]}]},{\"@type\":\"ImageObject\",\"inLanguage\":\"fr-FR\",\"@id\":\"http:\\\/\\\/plospan.com\\\/fr\\\/#primaryimage\",\"url\":\"https:\\\/\\\/plospan.com\\\/wp-content\\\/uploads\\\/2020\\\/06\\\/home_banner@2x-scaled.jpg\",\"contentUrl\":\"https:\\\/\\\/plospan.com\\\/wp-content\\\/uploads\\\/2020\\\/06\\\/home_banner@2x-scaled.jpg\",\"width\":2560,\"height\":1706},{\"@type\":\"BreadcrumbList\",\"@id\":\"http:\\\/\\\/plospan.com\\\/fr\\\/#breadcrumb\",\"itemListElement\":[{\"@type\":\"ListItem\",\"position\":1,\"name\":\"Home\",\"item\":\"http:\\\/\\\/plospan.com\\\/fr\\\/\"},{\"@type\":\"ListItem\",\"position\":2,\"name\":\"Accueil\"}]},{\"@type\":\"WebSite\",\"@id\":\"https:\\\/\\\/plospan.com\\\/nl\\\/#website\",\"url\":\"https:\\\/\\\/plospan.com\\\/nl\\\/\",\"name\":\"Plospan\",\"description\":\"where comfort starts\",\"potentialAction\":[{\"@type\":\"SearchAction\",\"target\":{\"@type\":\"EntryPoint\",\"urlTemplate\":\"https:\\\/\\\/plospan.com\\\/nl\\\/?s={search_term_string}\"},\"query-input\":{\"@type\":\"PropertyValueSpecification\",\"valueRequired\":true,\"valueName\":\"search_term_string\"}}],\"inLanguage\":\"fr-FR\"}]}<\/script>\n<!-- \/ Yoast SEO plugin. -->","yoast_head_json":{"title":"Accueil - plospan","robots":{"index":"index","follow":"follow","max-snippet":"max-snippet:-1","max-image-preview":"max-image-preview:large","max-video-preview":"max-video-preview:-1"},"canonical":"http:\/\/plospan.com\/fr\/","og_locale":"fr_FR","og_type":"article","og_title":"Accueil - plospan","og_description":"Plospan est sp\u00e9cialis\u00e9e \u00e0 la fois dans la transformation de la fibre\/sciure de bois en liti\u00e8res confortables et de qualit\u00e9 sup\u00e9rieure destin\u00e9es \u00e0 l\u2019h\u00e9bergement des animaux et dans la production de palettes de bois Bio-energy employ\u00e9es pour le chauffage de locaux et la production d\u2019\u00e9nergie. Ce qui est g\u00e9n\u00e9ralement consid\u00e9r\u00e9 comme un r\u00e9sidu est pr\u00e9cis\u00e9ment &hellip; Continue reading \"Accueil\"","og_url":"http:\/\/plospan.com\/fr\/","og_site_name":"plospan","article_modified_time":"2020-10-22T08:29:25+00:00","og_image":[{"width":2560,"height":1706,"url":"http:\/\/plospan.com\/wp-content\/uploads\/2020\/06\/home_banner@2x-scaled.jpg","type":"image\/jpeg"}],"twitter_card":"summary_large_image","schema":{"@context":"https:\/\/schema.org","@graph":[{"@type":"WebPage","@id":"http:\/\/plospan.com\/fr\/","url":"http:\/\/plospan.com\/fr\/","name":"Accueil - plospan","isPartOf":{"@id":"https:\/\/plospan.com\/nl\/#website"},"primaryImageOfPage":{"@id":"http:\/\/plospan.com\/fr\/#primaryimage"},"image":{"@id":"http:\/\/plospan.com\/fr\/#primaryimage"},"thumbnailUrl":"https:\/\/plospan.com\/wp-content\/uploads\/2020\/06\/home_banner@2x-scaled.jpg","datePublished":"2020-05-21T07:53:20+00:00","dateModified":"2020-10-22T08:29:25+00:00","breadcrumb":{"@id":"http:\/\/plospan.com\/fr\/#breadcrumb"},"inLanguage":"fr-FR","potentialAction":[{"@type":"ReadAction","target":["http:\/\/plospan.com\/fr\/"]}]},{"@type":"ImageObject","inLanguage":"fr-FR","@id":"http:\/\/plospan.com\/fr\/#primaryimage","url":"https:\/\/plospan.com\/wp-content\/uploads\/2020\/06\/home_banner@2x-scaled.jpg","contentUrl":"https:\/\/plospan.com\/wp-content\/uploads\/2020\/06\/home_banner@2x-scaled.jpg","width":2560,"height":1706},{"@type":"BreadcrumbList","@id":"http:\/\/plospan.com\/fr\/#breadcrumb","itemListElement":[{"@type":"ListItem","position":1,"name":"Home","item":"http:\/\/plospan.com\/fr\/"},{"@type":"ListItem","position":2,"name":"Accueil"}]},{"@type":"WebSite","@id":"https:\/\/plospan.com\/nl\/#website","url":"https:\/\/plospan.com\/nl\/","name":"Plospan","description":"where comfort starts","potentialAction":[{"@type":"SearchAction","target":{"@type":"EntryPoint","urlTemplate":"https:\/\/plospan.com\/nl\/?s={search_term_string}"},"query-input":{"@type":"PropertyValueSpecification","valueRequired":true,"valueName":"search_term_string"}}],"inLanguage":"fr-FR"}]}},"_links":{"self":[{"href":"https:\/\/plospan.com\/fr\/wp-json\/wp\/v2\/pages\/1786","targetHints":{"allow":["GET"]}}],"collection":[{"href":"https:\/\/plospan.com\/fr\/wp-json\/wp\/v2\/pages"}],"about":[{"href":"https:\/\/plospan.com\/fr\/wp-json\/wp\/v2\/types\/page"}],"author":[{"embeddable":true,"href":"https:\/\/plospan.com\/fr\/wp-json\/wp\/v2\/users\/5"}],"replies":[{"embeddable":true,"href":"https:\/\/plospan.com\/fr\/wp-json\/wp\/v2\/comments?post=1786"}],"version-history":[{"count":23,"href":"https:\/\/plospan.com\/fr\/wp-json\/wp\/v2\/pages\/1786\/revisions"}],"predecessor-version":[{"id":3700,"href":"https:\/\/plospan.com\/fr\/wp-json\/wp\/v2\/pages\/1786\/revisions\/3700"}],"wp:featuredmedia":[{"embeddable":true,"href":"https:\/\/plospan.com\/fr\/wp-json\/wp\/v2\/media\/1787"}],"wp:attachment":[{"href":"https:\/\/plospan.com\/fr\/wp-json\/wp\/v2\/media?parent=1786"}],"curies":[{"name":"wp","href":"https:\/\/api.w.org\/{rel}","templated":true}]}}