{"id":1788,"date":"2020-05-21T09:53:20","date_gmt":"2020-05-21T09:53:20","guid":{"rendered":"http:\/\/plospan.com\/home\/"},"modified":"2020-10-20T08:57:08","modified_gmt":"2020-10-20T06:57:08","slug":"home","status":"publish","type":"page","link":"http:\/\/plospan.com\/de\/","title":{"rendered":"Home"},"content":{"rendered":"<p><span data-sheets-value=\"{&quot;1&quot;:2,&quot;2&quot;:&quot;Plospan ist auf die nachhaltige Verarbeitung von Holzfasern und -sp\u00e4nen zu hochwertigen, komfortablen Bodenbedeckern f\u00fcr Stallungen und die Herstellung von Bioenergie-Holzpellets zum Heizen von R\u00e4umen und zur Energieerzeugung spezialisiert. F\u00fcr Plospan ist das, was f\u00fcr andere oft ein Restprodukt ist, die Basis f\u00fcr ein \u201eneues\u201c Spitzenprodukt. - Nach unten scrollen&quot;}\" data-sheets-userformat=\"{&quot;2&quot;:14781,&quot;3&quot;:{&quot;1&quot;:0,&quot;3&quot;:1},&quot;5&quot;:{&quot;1&quot;:[{&quot;1&quot;:2,&quot;2&quot;:0,&quot;5&quot;:[null,2,10855845]},{&quot;1&quot;:0,&quot;2&quot;:0,&quot;3&quot;:3},{&quot;1&quot;:1,&quot;2&quot;:0,&quot;4&quot;:1}]},&quot;6&quot;:{&quot;1&quot;:[{&quot;1&quot;:2,&quot;2&quot;:0,&quot;5&quot;:[null,2,10855845]},{&quot;1&quot;:0,&quot;2&quot;:0,&quot;3&quot;:3},{&quot;1&quot;:1,&quot;2&quot;:0,&quot;4&quot;:1}]},&quot;7&quot;:{&quot;1&quot;:[{&quot;1&quot;:2,&quot;2&quot;:0,&quot;5&quot;:[null,2,10855845]},{&quot;1&quot;:0,&quot;2&quot;:0,&quot;3&quot;:3},{&quot;1&quot;:1,&quot;2&quot;:0,&quot;4&quot;:1}]},&quot;8&quot;:{&quot;1&quot;:[{&quot;1&quot;:2,&quot;2&quot;:0,&quot;5&quot;:[null,2,10855845]},{&quot;1&quot;:0,&quot;2&quot;:0,&quot;3&quot;:3},{&quot;1&quot;:1,&quot;2&quot;:0,&quot;4&quot;:1}]},&quot;10&quot;:0,&quot;11&quot;:4,&quot;14&quot;:[null,2,0],&quot;15&quot;:&quot;Helvetica Neue&quot;,&quot;16&quot;:10}\">Plospan ist auf die nachhaltige Verarbeitung von Holzfasern und -sp\u00e4nen zu hochwertigen, komfortablen Bodenbedeckern f\u00fcr Stallungen und die Herstellung von Bio-energy-Holzpellets zum Heizen von R\u00e4umen und zur Energieerzeugung spezialisiert. F\u00fcr Plospan ist das, was f\u00fcr andere oft ein Restprodukt ist, die Basis f\u00fcr ein \u201eneues\u201c Spitzenprodukt.\u00a0<\/span><\/p>\n","protected":false},"excerpt":{"rendered":"<p>Plospan ist auf die nachhaltige Verarbeitung von Holzfasern und -sp\u00e4nen zu hochwertigen, komfortablen Bodenbedeckern f\u00fcr Stallungen und die Herstellung von Bio-energy-Holzpellets zum Heizen von R\u00e4umen und zur Energieerzeugung spezialisiert. F\u00fcr Plospan ist das, was f\u00fcr andere oft ein Restprodukt ist, die Basis f\u00fcr ein \u201eneues\u201c Spitzenprodukt.\u00a0<\/p>\n","protected":false},"author":5,"featured_media":1789,"parent":0,"menu_order":0,"comment_status":"closed","ping_status":"closed","template":"","meta":{"_acf_changed":false,"footnotes":""},"class_list":["post-1788","page","type-page","status-publish","has-post-thumbnail","hentry"],"acf":[],"yoast_head":"<!-- This site is optimized with the Yoast SEO plugin v27.3 - https:\/\/yoast.com\/product\/yoast-seo-wordpress\/ -->\n<title>Home - plospan<\/title>\n<meta name=\"robots\" content=\"index, follow, max-snippet:-1, max-image-preview:large, max-video-preview:-1\" \/>\n<link rel=\"canonical\" href=\"https:\/\/plospan.com\/de\/\" \/>\n<meta property=\"og:locale\" content=\"de_DE\" \/>\n<meta property=\"og:type\" content=\"article\" \/>\n<meta property=\"og:title\" content=\"Home - plospan\" \/>\n<meta property=\"og:description\" content=\"Plospan ist auf die nachhaltige Verarbeitung von Holzfasern und -sp\u00e4nen zu hochwertigen, komfortablen Bodenbedeckern f\u00fcr Stallungen und die Herstellung von Bio-energy-Holzpellets zum Heizen von R\u00e4umen und zur Energieerzeugung spezialisiert. F\u00fcr Plospan ist das, was f\u00fcr andere oft ein Restprodukt ist, die Basis f\u00fcr ein \u201eneues\u201c Spitzenprodukt.\u00a0\" \/>\n<meta property=\"og:url\" content=\"https:\/\/plospan.com\/de\/\" \/>\n<meta property=\"og:site_name\" content=\"plospan\" \/>\n<meta property=\"article:modified_time\" content=\"2020-10-20T06:57:08+00:00\" \/>\n<meta property=\"og:image\" content=\"https:\/\/plospan.com\/wp-content\/uploads\/2020\/06\/home_banner@2x-scaled.jpg\" \/>\n\t<meta property=\"og:image:width\" content=\"2560\" \/>\n\t<meta property=\"og:image:height\" content=\"1706\" \/>\n\t<meta property=\"og:image:type\" content=\"image\/jpeg\" \/>\n<meta name=\"twitter:card\" content=\"summary_large_image\" \/>\n<script type=\"application\/ld+json\" class=\"yoast-schema-graph\">{\"@context\":\"https:\\\/\\\/schema.org\",\"@graph\":[{\"@type\":\"WebPage\",\"@id\":\"https:\\\/\\\/plospan.com\\\/de\\\/\",\"url\":\"https:\\\/\\\/plospan.com\\\/de\\\/\",\"name\":\"Home - plospan\",\"isPartOf\":{\"@id\":\"https:\\\/\\\/plospan.com\\\/nl\\\/#website\"},\"primaryImageOfPage\":{\"@id\":\"https:\\\/\\\/plospan.com\\\/de\\\/#primaryimage\"},\"image\":{\"@id\":\"https:\\\/\\\/plospan.com\\\/de\\\/#primaryimage\"},\"thumbnailUrl\":\"http:\\\/\\\/plospan.com\\\/wp-content\\\/uploads\\\/2020\\\/06\\\/home_banner@2x-scaled.jpg\",\"datePublished\":\"2020-05-21T09:53:20+00:00\",\"dateModified\":\"2020-10-20T06:57:08+00:00\",\"breadcrumb\":{\"@id\":\"https:\\\/\\\/plospan.com\\\/de\\\/#breadcrumb\"},\"inLanguage\":\"de\",\"potentialAction\":[{\"@type\":\"ReadAction\",\"target\":[\"https:\\\/\\\/plospan.com\\\/de\\\/\"]}]},{\"@type\":\"ImageObject\",\"inLanguage\":\"de\",\"@id\":\"https:\\\/\\\/plospan.com\\\/de\\\/#primaryimage\",\"url\":\"http:\\\/\\\/plospan.com\\\/wp-content\\\/uploads\\\/2020\\\/06\\\/home_banner@2x-scaled.jpg\",\"contentUrl\":\"http:\\\/\\\/plospan.com\\\/wp-content\\\/uploads\\\/2020\\\/06\\\/home_banner@2x-scaled.jpg\",\"width\":2560,\"height\":1706},{\"@type\":\"BreadcrumbList\",\"@id\":\"https:\\\/\\\/plospan.com\\\/de\\\/#breadcrumb\",\"itemListElement\":[{\"@type\":\"ListItem\",\"position\":1,\"name\":\"Home\",\"item\":\"https:\\\/\\\/plospan.com\\\/de\\\/\"},{\"@type\":\"ListItem\",\"position\":2,\"name\":\"Home\"}]},{\"@type\":\"WebSite\",\"@id\":\"https:\\\/\\\/plospan.com\\\/nl\\\/#website\",\"url\":\"https:\\\/\\\/plospan.com\\\/nl\\\/\",\"name\":\"Plospan\",\"description\":\"where comfort starts\",\"potentialAction\":[{\"@type\":\"SearchAction\",\"target\":{\"@type\":\"EntryPoint\",\"urlTemplate\":\"https:\\\/\\\/plospan.com\\\/nl\\\/?s={search_term_string}\"},\"query-input\":{\"@type\":\"PropertyValueSpecification\",\"valueRequired\":true,\"valueName\":\"search_term_string\"}}],\"inLanguage\":\"de\"}]}<\/script>\n<!-- \/ Yoast SEO plugin. -->","yoast_head_json":{"title":"Home - plospan","robots":{"index":"index","follow":"follow","max-snippet":"max-snippet:-1","max-image-preview":"max-image-preview:large","max-video-preview":"max-video-preview:-1"},"canonical":"https:\/\/plospan.com\/de\/","og_locale":"de_DE","og_type":"article","og_title":"Home - plospan","og_description":"Plospan ist auf die nachhaltige Verarbeitung von Holzfasern und -sp\u00e4nen zu hochwertigen, komfortablen Bodenbedeckern f\u00fcr Stallungen und die Herstellung von Bio-energy-Holzpellets zum Heizen von R\u00e4umen und zur Energieerzeugung spezialisiert. F\u00fcr Plospan ist das, was f\u00fcr andere oft ein Restprodukt ist, die Basis f\u00fcr ein \u201eneues\u201c Spitzenprodukt.\u00a0","og_url":"https:\/\/plospan.com\/de\/","og_site_name":"plospan","article_modified_time":"2020-10-20T06:57:08+00:00","og_image":[{"width":2560,"height":1706,"url":"https:\/\/plospan.com\/wp-content\/uploads\/2020\/06\/home_banner@2x-scaled.jpg","type":"image\/jpeg"}],"twitter_card":"summary_large_image","schema":{"@context":"https:\/\/schema.org","@graph":[{"@type":"WebPage","@id":"https:\/\/plospan.com\/de\/","url":"https:\/\/plospan.com\/de\/","name":"Home - plospan","isPartOf":{"@id":"https:\/\/plospan.com\/nl\/#website"},"primaryImageOfPage":{"@id":"https:\/\/plospan.com\/de\/#primaryimage"},"image":{"@id":"https:\/\/plospan.com\/de\/#primaryimage"},"thumbnailUrl":"http:\/\/plospan.com\/wp-content\/uploads\/2020\/06\/home_banner@2x-scaled.jpg","datePublished":"2020-05-21T09:53:20+00:00","dateModified":"2020-10-20T06:57:08+00:00","breadcrumb":{"@id":"https:\/\/plospan.com\/de\/#breadcrumb"},"inLanguage":"de","potentialAction":[{"@type":"ReadAction","target":["https:\/\/plospan.com\/de\/"]}]},{"@type":"ImageObject","inLanguage":"de","@id":"https:\/\/plospan.com\/de\/#primaryimage","url":"http:\/\/plospan.com\/wp-content\/uploads\/2020\/06\/home_banner@2x-scaled.jpg","contentUrl":"http:\/\/plospan.com\/wp-content\/uploads\/2020\/06\/home_banner@2x-scaled.jpg","width":2560,"height":1706},{"@type":"BreadcrumbList","@id":"https:\/\/plospan.com\/de\/#breadcrumb","itemListElement":[{"@type":"ListItem","position":1,"name":"Home","item":"https:\/\/plospan.com\/de\/"},{"@type":"ListItem","position":2,"name":"Home"}]},{"@type":"WebSite","@id":"https:\/\/plospan.com\/nl\/#website","url":"https:\/\/plospan.com\/nl\/","name":"Plospan","description":"where comfort starts","potentialAction":[{"@type":"SearchAction","target":{"@type":"EntryPoint","urlTemplate":"https:\/\/plospan.com\/nl\/?s={search_term_string}"},"query-input":{"@type":"PropertyValueSpecification","valueRequired":true,"valueName":"search_term_string"}}],"inLanguage":"de"}]}},"_links":{"self":[{"href":"http:\/\/plospan.com\/de\/wp-json\/wp\/v2\/pages\/1788","targetHints":{"allow":["GET"]}}],"collection":[{"href":"http:\/\/plospan.com\/de\/wp-json\/wp\/v2\/pages"}],"about":[{"href":"http:\/\/plospan.com\/de\/wp-json\/wp\/v2\/types\/page"}],"author":[{"embeddable":true,"href":"http:\/\/plospan.com\/de\/wp-json\/wp\/v2\/users\/5"}],"replies":[{"embeddable":true,"href":"http:\/\/plospan.com\/de\/wp-json\/wp\/v2\/comments?post=1788"}],"version-history":[{"count":19,"href":"http:\/\/plospan.com\/de\/wp-json\/wp\/v2\/pages\/1788\/revisions"}],"predecessor-version":[{"id":3657,"href":"http:\/\/plospan.com\/de\/wp-json\/wp\/v2\/pages\/1788\/revisions\/3657"}],"wp:featuredmedia":[{"embeddable":true,"href":"http:\/\/plospan.com\/de\/wp-json\/wp\/v2\/media\/1789"}],"wp:attachment":[{"href":"http:\/\/plospan.com\/de\/wp-json\/wp\/v2\/media?parent=1788"}],"curies":[{"name":"wp","href":"https:\/\/api.w.org\/{rel}","templated":true}]}}